{"id":258,"date":"2024-08-21T14:15:49","date_gmt":"2024-08-21T14:15:49","guid":{"rendered":"http:\/\/www.aiep.com.br\/?page_id=258"},"modified":"2024-11-05T22:39:19","modified_gmt":"2024-11-05T22:39:19","slug":"direitos-humanos","status":"publish","type":"page","link":"https:\/\/www.aiep.com.br\/en\/human-rights\/","title":{"rendered":"Human Rights"},"content":{"rendered":"<div data-elementor-type=\"wp-page\" data-elementor-id=\"258\" class=\"elementor elementor-258\" data-elementor-post-type=\"page\">\n\t\t\t\t<div class=\"elementor-element elementor-element-6adb302 elementor-hidden-desktop elementor-hidden-tablet elementor-hidden-mobile e-flex e-con-boxed e-con e-parent\" data-id=\"6adb302\" data-element_type=\"container\">\n\t\t\t\t\t<div class=\"e-con-inner\">\n\t\t\t\t<div class=\"elementor-element elementor-element-2be7eae elementor-widget elementor-widget-heading\" data-id=\"2be7eae\" data-element_type=\"widget\" data-widget_type=\"heading.default\">\n\t\t\t\t<div class=\"elementor-widget-container\">\n\t\t\t<style>\/*! elementor - v3.23.0 - 05-08-2024 *\/\n.elementor-heading-title{padding:0;margin:0;line-height:1}.elementor-widget-heading .elementor-heading-title[class*=elementor-size-]>a{color:inherit;font-size:inherit;line-height:inherit}.elementor-widget-heading .elementor-heading-title.elementor-size-small{font-size:15px}.elementor-widget-heading .elementor-heading-title.elementor-size-medium{font-size:19px}.elementor-widget-heading .elementor-heading-title.elementor-size-large{font-size:29px}.elementor-widget-heading .elementor-heading-title.elementor-size-xl{font-size:39px}.elementor-widget-heading .elementor-heading-title.elementor-size-xxl{font-size:59px}<\/style><h1 class=\"elementor-heading-title elementor-size-default\">Human Rights<\/h1>\t\t<\/div>\n\t\t\t\t<\/div>\n\t\t\t\t<div class=\"elementor-element elementor-element-d15c0ce elementor-icon-list--layout-inline elementor-list-item-link-full_width elementor-widget elementor-widget-icon-list\" data-id=\"d15c0ce\" data-element_type=\"widget\" data-widget_type=\"icon-list.default\">\n\t\t\t\t<div class=\"elementor-widget-container\">\n\t\t\t<link rel=\"stylesheet\" href=\"https:\/\/www.aiep.com.br\/wp-content\/plugins\/elementor\/assets\/css\/widget-icon-list.min.css\">\t\t<ul class=\"elementor-icon-list-items elementor-inline-items\">\n\t\t\t\t\t\t\t<li class=\"elementor-icon-list-item elementor-inline-item\">\n\t\t\t\t\t\t\t\t\t\t\t<a href=\"https:\/\/www.aiep.com.br\/en\">\n\n\t\t\t\t\t\t\t\t\t\t\t<span class=\"elementor-icon-list-text\">Home<\/span>\n\t\t\t\t\t\t\t\t\t\t\t<\/a>\n\t\t\t\t\t\t\t\t\t<\/li>\n\t\t\t\t\t\t\t\t<li class=\"elementor-icon-list-item elementor-inline-item\">\n\t\t\t\t\t\t\t\t\t\t\t<span class=\"elementor-icon-list-icon\">\n\t\t\t\t\t\t\t<i aria-hidden=\"true\" class=\"arrow_carrot-right\"><\/i>\t\t\t\t\t\t<\/span>\n\t\t\t\t\t\t\t\t\t\t<span class=\"elementor-icon-list-text\">Human Rights<\/span>\n\t\t\t\t\t\t\t\t\t<\/li>\n\t\t\t\t\t\t<\/ul>\n\t\t\t\t<\/div>\n\t\t\t\t<\/div>\n\t\t\t\t\t<\/div>\n\t\t\t\t<\/div>\n\t\t<div class=\"elementor-element elementor-element-bd44088 e-flex e-con-boxed e-con e-parent\" data-id=\"bd44088\" data-element_type=\"container\">\n\t\t\t\t\t<div class=\"e-con-inner\">\n\t\t<div class=\"elementor-element elementor-element-6120dcd e-con-full e-flex e-con e-child\" data-id=\"6120dcd\" data-element_type=\"container\" data-settings=\"{&quot;background_background&quot;:&quot;classic&quot;}\">\n\t\t\t\t<div class=\"elementor-element elementor-element-80fd7dd elementor-widget elementor-widget-heading\" data-id=\"80fd7dd\" data-element_type=\"widget\" data-widget_type=\"heading.default\">\n\t\t\t\t<div class=\"elementor-widget-container\">\n\t\t\t<h1 class=\"elementor-heading-title elementor-size-default\">Human Rights<\/h1>\t\t<\/div>\n\t\t\t\t<\/div>\n\t\t\t\t<div class=\"elementor-element elementor-element-c40f3a2 elementor-icon-list--layout-inline elementor-list-item-link-full_width elementor-widget elementor-widget-icon-list\" data-id=\"c40f3a2\" data-element_type=\"widget\" data-widget_type=\"icon-list.default\">\n\t\t\t\t<div class=\"elementor-widget-container\">\n\t\t\t\t\t<ul class=\"elementor-icon-list-items elementor-inline-items\">\n\t\t\t\t\t\t\t<li class=\"elementor-icon-list-item elementor-inline-item\">\n\t\t\t\t\t\t\t\t\t\t\t<a href=\"https:\/\/www.aiep.com.br\/en\">\n\n\t\t\t\t\t\t\t\t\t\t\t<span class=\"elementor-icon-list-text\">Home<\/span>\n\t\t\t\t\t\t\t\t\t\t\t<\/a>\n\t\t\t\t\t\t\t\t\t<\/li>\n\t\t\t\t\t\t\t\t<li class=\"elementor-icon-list-item elementor-inline-item\">\n\t\t\t\t\t\t\t\t\t\t\t<span class=\"elementor-icon-list-icon\">\n\t\t\t\t\t\t\t<i aria-hidden=\"true\" class=\"arrow_carrot-right\"><\/i>\t\t\t\t\t\t<\/span>\n\t\t\t\t\t\t\t\t\t\t<span class=\"elementor-icon-list-text\">Human Rights<\/span>\n\t\t\t\t\t\t\t\t\t<\/li>\n\t\t\t\t\t\t<\/ul>\n\t\t\t\t<\/div>\n\t\t\t\t<\/div>\n\t\t\t\t<\/div>\n\t\t\t\t\t<\/div>\n\t\t\t\t<\/div>\n\t\t<div class=\"elementor-element elementor-element-b569bdf e-flex e-con-boxed e-con e-parent\" data-id=\"b569bdf\" data-element_type=\"container\">\n\t\t\t\t\t<div class=\"e-con-inner\">\n\t\t<div class=\"elementor-element elementor-element-f3efbfd e-con-full e-flex e-con e-child\" data-id=\"f3efbfd\" data-element_type=\"container\">\n\t\t<div class=\"elementor-element elementor-element-74ff0ef e-con-full e-flex e-con e-child\" data-id=\"74ff0ef\" data-element_type=\"container\">\n\t\t\t\t<div class=\"elementor-element elementor-element-362bb36 elementor-widget elementor-widget-heading\" data-id=\"362bb36\" data-element_type=\"widget\" data-widget_type=\"heading.default\">\n\t\t\t\t<div class=\"elementor-widget-container\">\n\t\t\t<style>\/*! elementor - v3.23.0 - 05-08-2024 *\/\n.elementor-heading-title{padding:0;margin:0;line-height:1}.elementor-widget-heading .elementor-heading-title[class*=elementor-size-]>a{color:inherit;font-size:inherit;line-height:inherit}.elementor-widget-heading .elementor-heading-title.elementor-size-small{font-size:15px}.elementor-widget-heading .elementor-heading-title.elementor-size-medium{font-size:19px}.elementor-widget-heading .elementor-heading-title.elementor-size-large{font-size:29px}.elementor-widget-heading .elementor-heading-title.elementor-size-xl{font-size:39px}.elementor-widget-heading .elementor-heading-title.elementor-size-xxl{font-size:59px}<\/style><h3 class=\"elementor-heading-title elementor-size-default\">Anistia Internacional <\/h3>\t\t<\/div>\n\t\t\t\t<\/div>\n\t\t\t\t<div class=\"elementor-element elementor-element-36fa3ee elementor-widget elementor-widget-text-editor\" data-id=\"36fa3ee\" data-element_type=\"widget\" data-widget_type=\"text-editor.default\">\n\t\t\t\t<div class=\"elementor-widget-container\">\n\t\t\t<style>\/*! elementor - v3.23.0 - 05-08-2024 *\/\n.elementor-widget-text-editor.elementor-drop-cap-view-stacked .elementor-drop-cap{background-color:#69727d;color:#fff}.elementor-widget-text-editor.elementor-drop-cap-view-framed .elementor-drop-cap{color:#69727d;border:3px solid;background-color:transparent}.elementor-widget-text-editor:not(.elementor-drop-cap-view-default) .elementor-drop-cap{margin-top:8px}.elementor-widget-text-editor:not(.elementor-drop-cap-view-default) .elementor-drop-cap-letter{width:1em;height:1em}.elementor-widget-text-editor .elementor-drop-cap{float:left;text-align:center;line-height:1;font-size:50px}.elementor-widget-text-editor .elementor-drop-cap-letter{display:inline-block}<\/style>\t\t\t\t<p style=\"text-align: justify;\">Anistia Internacional conducts actions and campaigns to ensure that human rights are respected and protected.  It is present in over 150 countries. Every day, somewhere in the world, someone receives support from Anistia Internacional. The initiative addresses serious human rights violations and social and environmental impacts in the Volta Grande do Xingu territories, in the state of Par\u00e1. Based on the documentation of violations and evidence gathering, Anistia Internacional will make recommendations to states and companies.<\/p>\t\t\t\t\t\t<\/div>\n\t\t\t\t<\/div>\n\t\t\t\t<div class=\"elementor-element elementor-element-15dad22 elementor-widget elementor-widget-button\" data-id=\"15dad22\" data-element_type=\"widget\" data-widget_type=\"button.default\">\n\t\t\t\t<div class=\"elementor-widget-container\">\n\t\t\t\t\t<div class=\"elementor-button-wrapper\">\n\t\t\t<a class=\"elementor-button elementor-button-link elementor-size-sm\" href=\"https:\/\/anistia.org.br\/\" target=\"_blank\">\n\t\t\t\t\t\t<span class=\"elementor-button-content-wrapper\">\n\t\t\t\t\t\t<span class=\"elementor-button-icon\">\n\t\t\t\t<i aria-hidden=\"true\" class=\"arrow_right-up\"><\/i>\t\t\t<\/span>\n\t\t\t\t\t\t\t\t\t<span class=\"elementor-button-text\">Learn About the Project<\/span>\n\t\t\t\t\t<\/span>\n\t\t\t\t\t<\/a>\n\t\t<\/div>\n\t\t\t\t<\/div>\n\t\t\t\t<\/div>\n\t\t\t\t<\/div>\n\t\t\t\t<\/div>\n\t\t\t\t\t<\/div>\n\t\t\t\t<\/div>\n\t\t\t\t<\/div>","protected":false},"excerpt":{"rendered":"<p>Home Home Anistia Internacional A Anistia Internacional conduz a\u00e7\u00f5es e campanhas para que os direitos humanos sejam respeitados e protegidos. Est\u00e1\u00a0presente em mais de 150 pa\u00edses. Todos os dias, algu\u00e9m, em algum lugar do mundo, recebe apoio da Anistia Internacional. A iniciativa apoiada confronta a quest\u00e3o das graves viola\u00e7\u00f5es de direitos humanos e impactos socioambientais [&hellip;]<\/p>","protected":false},"author":1,"featured_media":0,"parent":0,"menu_order":0,"comment_status":"closed","ping_status":"closed","template":"elementor_header_footer","meta":{"footnotes":""},"class_list":["post-258","page","type-page","status-publish","hentry"],"yoast_head":"<!-- This site is optimized with the Yoast SEO plugin v25.4 - https:\/\/yoast.com\/wordpress\/plugins\/seo\/ -->\n<title>Direitos Humanos - AIEP<\/title>\n<meta name=\"robots\" content=\"index, follow, max-snippet:-1, max-image-preview:large, max-video-preview:-1\" \/>\n<link rel=\"canonical\" href=\"https:\/\/www.aiep.com.br\/en\/human-rights\/\" \/>\n<meta property=\"og:locale\" content=\"en_US\" \/>\n<meta property=\"og:type\" content=\"article\" \/>\n<meta property=\"og:title\" content=\"Direitos Humanos - AIEP\" \/>\n<meta property=\"og:description\" content=\"Home Home Anistia Internacional A Anistia Internacional conduz a\u00e7\u00f5es e campanhas para que os direitos humanos sejam respeitados e protegidos. Est\u00e1\u00a0presente em mais de 150 pa\u00edses. Todos os dias, algu\u00e9m, em algum lugar do mundo, recebe apoio da Anistia Internacional. A iniciativa apoiada confronta a quest\u00e3o das graves viola\u00e7\u00f5es de direitos humanos e impactos socioambientais [&hellip;]\" \/>\n<meta property=\"og:url\" content=\"https:\/\/www.aiep.com.br\/en\/human-rights\/\" \/>\n<meta property=\"og:site_name\" content=\"AIEP\" \/>\n<meta property=\"article:modified_time\" content=\"2024-11-05T22:39:19+00:00\" \/>\n<meta name=\"twitter:card\" content=\"summary_large_image\" \/>\n<meta name=\"twitter:label1\" content=\"Est. reading time\" \/>\n\t<meta name=\"twitter:data1\" content=\"1 minute\" \/>\n<script type=\"application\/ld+json\" class=\"yoast-schema-graph\">{\"@context\":\"https:\/\/schema.org\",\"@graph\":[{\"@type\":\"WebPage\",\"@id\":\"https:\/\/www.aiep.com.br\/direitos-humanos\/\",\"url\":\"https:\/\/www.aiep.com.br\/direitos-humanos\/\",\"name\":\"Direitos Humanos - AIEP\",\"isPartOf\":{\"@id\":\"https:\/\/www.aiep.com.br\/#website\"},\"datePublished\":\"2024-08-21T14:15:49+00:00\",\"dateModified\":\"2024-11-05T22:39:19+00:00\",\"breadcrumb\":{\"@id\":\"https:\/\/www.aiep.com.br\/direitos-humanos\/#breadcrumb\"},\"inLanguage\":\"en-US\",\"potentialAction\":[{\"@type\":\"ReadAction\",\"target\":[\"https:\/\/www.aiep.com.br\/direitos-humanos\/\"]}]},{\"@type\":\"BreadcrumbList\",\"@id\":\"https:\/\/www.aiep.com.br\/direitos-humanos\/#breadcrumb\",\"itemListElement\":[{\"@type\":\"ListItem\",\"position\":1,\"name\":\"In\u00edcio\",\"item\":\"https:\/\/www.aiep.com.br\/\"},{\"@type\":\"ListItem\",\"position\":2,\"name\":\"Direitos Humanos\"}]},{\"@type\":\"WebSite\",\"@id\":\"https:\/\/www.aiep.com.br\/#website\",\"url\":\"https:\/\/www.aiep.com.br\/\",\"name\":\"AIEP\",\"description\":\"\",\"publisher\":{\"@id\":\"https:\/\/www.aiep.com.br\/#organization\"},\"potentialAction\":[{\"@type\":\"SearchAction\",\"target\":{\"@type\":\"EntryPoint\",\"urlTemplate\":\"https:\/\/www.aiep.com.br\/?s={search_term_string}\"},\"query-input\":{\"@type\":\"PropertyValueSpecification\",\"valueRequired\":true,\"valueName\":\"search_term_string\"}}],\"inLanguage\":\"en-US\"},{\"@type\":\"Organization\",\"@id\":\"https:\/\/www.aiep.com.br\/#organization\",\"name\":\"AIEP\",\"url\":\"https:\/\/www.aiep.com.br\/\",\"logo\":{\"@type\":\"ImageObject\",\"inLanguage\":\"en-US\",\"@id\":\"https:\/\/www.aiep.com.br\/#\/schema\/logo\/image\/\",\"url\":\"https:\/\/www.aiep.com.br\/wp-content\/uploads\/2024\/08\/logo.webp\",\"contentUrl\":\"https:\/\/www.aiep.com.br\/wp-content\/uploads\/2024\/08\/logo.webp\",\"width\":600,\"height\":227,\"caption\":\"AIEP\"},\"image\":{\"@id\":\"https:\/\/www.aiep.com.br\/#\/schema\/logo\/image\/\"}}]}<\/script>\n<!-- \/ Yoast SEO plugin. -->","yoast_head_json":{"title":"Direitos Humanos - AIEP","robots":{"index":"index","follow":"follow","max-snippet":"max-snippet:-1","max-image-preview":"max-image-preview:large","max-video-preview":"max-video-preview:-1"},"canonical":"https:\/\/www.aiep.com.br\/en\/human-rights\/","og_locale":"en_US","og_type":"article","og_title":"Direitos Humanos - AIEP","og_description":"Home Home Anistia Internacional A Anistia Internacional conduz a\u00e7\u00f5es e campanhas para que os direitos humanos sejam respeitados e protegidos. Est\u00e1\u00a0presente em mais de 150 pa\u00edses. Todos os dias, algu\u00e9m, em algum lugar do mundo, recebe apoio da Anistia Internacional. A iniciativa apoiada confronta a quest\u00e3o das graves viola\u00e7\u00f5es de direitos humanos e impactos socioambientais [&hellip;]","og_url":"https:\/\/www.aiep.com.br\/en\/human-rights\/","og_site_name":"AIEP","article_modified_time":"2024-11-05T22:39:19+00:00","twitter_card":"summary_large_image","twitter_misc":{"Est. reading time":"1 minute"},"schema":{"@context":"https:\/\/schema.org","@graph":[{"@type":"WebPage","@id":"https:\/\/www.aiep.com.br\/direitos-humanos\/","url":"https:\/\/www.aiep.com.br\/direitos-humanos\/","name":"Direitos Humanos - AIEP","isPartOf":{"@id":"https:\/\/www.aiep.com.br\/#website"},"datePublished":"2024-08-21T14:15:49+00:00","dateModified":"2024-11-05T22:39:19+00:00","breadcrumb":{"@id":"https:\/\/www.aiep.com.br\/direitos-humanos\/#breadcrumb"},"inLanguage":"en-US","potentialAction":[{"@type":"ReadAction","target":["https:\/\/www.aiep.com.br\/direitos-humanos\/"]}]},{"@type":"BreadcrumbList","@id":"https:\/\/www.aiep.com.br\/direitos-humanos\/#breadcrumb","itemListElement":[{"@type":"ListItem","position":1,"name":"In\u00edcio","item":"https:\/\/www.aiep.com.br\/"},{"@type":"ListItem","position":2,"name":"Direitos Humanos"}]},{"@type":"WebSite","@id":"https:\/\/www.aiep.com.br\/#website","url":"https:\/\/www.aiep.com.br\/","name":"AIEP","description":"","publisher":{"@id":"https:\/\/www.aiep.com.br\/#organization"},"potentialAction":[{"@type":"SearchAction","target":{"@type":"EntryPoint","urlTemplate":"https:\/\/www.aiep.com.br\/?s={search_term_string}"},"query-input":{"@type":"PropertyValueSpecification","valueRequired":true,"valueName":"search_term_string"}}],"inLanguage":"en-US"},{"@type":"Organization","@id":"https:\/\/www.aiep.com.br\/#organization","name":"AIEP","url":"https:\/\/www.aiep.com.br\/","logo":{"@type":"ImageObject","inLanguage":"en-US","@id":"https:\/\/www.aiep.com.br\/#\/schema\/logo\/image\/","url":"https:\/\/www.aiep.com.br\/wp-content\/uploads\/2024\/08\/logo.webp","contentUrl":"https:\/\/www.aiep.com.br\/wp-content\/uploads\/2024\/08\/logo.webp","width":600,"height":227,"caption":"AIEP"},"image":{"@id":"https:\/\/www.aiep.com.br\/#\/schema\/logo\/image\/"}}]}},"_links":{"self":[{"href":"https:\/\/www.aiep.com.br\/en\/wp-json\/wp\/v2\/pages\/258","targetHints":{"allow":["GET"]}}],"collection":[{"href":"https:\/\/www.aiep.com.br\/en\/wp-json\/wp\/v2\/pages"}],"about":[{"href":"https:\/\/www.aiep.com.br\/en\/wp-json\/wp\/v2\/types\/page"}],"author":[{"embeddable":true,"href":"https:\/\/www.aiep.com.br\/en\/wp-json\/wp\/v2\/users\/1"}],"replies":[{"embeddable":true,"href":"https:\/\/www.aiep.com.br\/en\/wp-json\/wp\/v2\/comments?post=258"}],"version-history":[{"count":34,"href":"https:\/\/www.aiep.com.br\/en\/wp-json\/wp\/v2\/pages\/258\/revisions"}],"predecessor-version":[{"id":663,"href":"https:\/\/www.aiep.com.br\/en\/wp-json\/wp\/v2\/pages\/258\/revisions\/663"}],"wp:attachment":[{"href":"https:\/\/www.aiep.com.br\/en\/wp-json\/wp\/v2\/media?parent=258"}],"curies":[{"name":"wp","href":"https:\/\/api.w.org\/{rel}","templated":true}]}}